{"id":12,"date":"2024-08-27T14:39:49","date_gmt":"2024-08-27T14:39:49","guid":{"rendered":"https:\/\/site1.devsites.lnxc.hu\/?page_id=12"},"modified":"2024-08-29T19:38:57","modified_gmt":"2024-08-29T19:38:57","slug":"fooldal","status":"publish","type":"page","link":"https:\/\/site1.devsites.lnxc.hu\/","title":{"rendered":"F\u0151oldal"},"content":{"rendered":"<p>[et_pb_section fb_built=&#8221;1&#8243; custom_padding_last_edited=&#8221;off|desktop&#8221; admin_label=&#8221;Header&#8221; _builder_version=&#8221;4.19.2&#8243; _module_preset=&#8221;default&#8221; background_color=&#8221;gcid-3a379ca8-6bf9-434c-8a61-08511851f29f&#8221; background_enable_pattern_style=&#8221;on&#8221; background_pattern_style=&#8221;pills&#8221; background_pattern_repeat_origin=&#8221;center&#8221; overflow-x=&#8221;hidden&#8221; overflow-y=&#8221;hidden&#8221; custom_margin=&#8221;||||false|false&#8221; custom_margin_tablet=&#8221;||0vw||false|false&#8221; custom_margin_phone=&#8221;||0vw||false|false&#8221; custom_margin_last_edited=&#8221;off|desktop&#8221; custom_padding=&#8221;0px||0px||false|false&#8221; custom_padding_tablet=&#8221;||0px||false|false&#8221; custom_padding_phone=&#8221;||0px||false|false&#8221; collapsed=&#8221;on&#8221; global_colors_info=&#8221;{%22gcid-3a379ca8-6bf9-434c-8a61-08511851f29f%22:%91%22background_color%22%93}&#8221;][et_pb_row column_structure=&#8221;1_2,1_2&#8243; make_equal=&#8221;on&#8221; _builder_version=&#8221;4.19.2&#8243; _module_preset=&#8221;default&#8221; custom_padding=&#8221;0px||0px||true|false&#8221; box_shadow_style=&#8221;preset4&#8243; box_shadow_horizontal=&#8221;30vw&#8221; box_shadow_vertical=&#8221;0px&#8221; box_shadow_color=&#8221;#FFFFFF&#8221; global_colors_info=&#8221;{}&#8221;][et_pb_column type=&#8221;1_2&#8243; _builder_version=&#8221;4.19.2&#8243; _module_preset=&#8221;default&#8221; custom_padding=&#8221;8%|20px|8%||true|false&#8221; global_colors_info=&#8221;{}&#8221;][et_pb_text _builder_version=&#8221;4.27.0&#8243; _module_preset=&#8221;8a665abd-fccd-4ed7-bc4f-83488e90bcf5&#8243; header_text_color=&#8221;#FFFFFF&#8221; header_font_size=&#8221;55px&#8221; width=&#8221;100%&#8221; custom_padding=&#8221;|0px||0px||&#8221; global_colors_info=&#8221;{}&#8221;]<\/p>\n<h1 style=\"text-align: left;\">Dugul\u00e1selh\u00e1r\u00edt\u00e1s 0 &#8211; 24<\/h1>\n<p>[\/et_pb_text][et_pb_text _builder_version=&#8221;4.27.0&#8243; _module_preset=&#8221;6503204a-7333-4bdf-978b-091dad72deb4&#8243; text_text_color=&#8221;#FFFFFF&#8221; custom_margin=&#8221;||30px||false|false&#8221; global_colors_info=&#8221;{}&#8221;]<\/p>\n<p>\u00c9jjel &#8211; nappal az \u00d6n szolg\u00e1lat\u00e1ban!<\/p>\n<p>Budapest, Sz\u00e1zhalombatta, \u00c9rd, T\u00e1rnok, Martonv\u00e1s\u00e1r, Ercsi, R\u00e1czkereszt\u00far<\/p>\n<p>H\u00edvjon, vagy k\u00e9rjen aj\u00e1nlatot!<\/p>\n<p>[\/et_pb_text][et_pb_button button_text=&#8221;\u00c1raj\u00e1nlat&#8221; _builder_version=&#8221;4.27.0&#8243; _module_preset=&#8221;f2d46511-7381-487c-8293-bd1a9fffed4a&#8221; hover_enabled=&#8221;0&#8243; global_colors_info=&#8221;{}&#8221; button_url=&#8221;@ET-DC@eyJkeW5hbWljIjp0cnVlLCJjb250ZW50IjoicG9zdF9saW5rX3VybF9wYWdlIiwic2V0dGluZ3MiOnsicG9zdF9pZCI6IjM2In19@&#8221; _dynamic_attributes=&#8221;button_url&#8221; sticky_enabled=&#8221;0&#8243;][\/et_pb_button][\/et_pb_column][et_pb_column type=&#8221;1_2&#8243; _builder_version=&#8221;4.19.2&#8243; _module_preset=&#8221;default&#8221; background_color=&#8221;#FFFFFF&#8221; background_enable_image=&#8221;off&#8221; background_position=&#8221;bottom_center&#8221; custom_padding=&#8221;||6vw||false|false&#8221; global_colors_info=&#8221;{}&#8221;][et_pb_image src=&#8221;https:\/\/site1.devsites.lnxc.hu\/wp-content\/uploads\/2024\/08\/plumber-3.jpg&#8221; title_text=&#8221;plumber-3&#8243; _builder_version=&#8221;4.19.2&#8243; _module_preset=&#8221;default&#8221; custom_margin=&#8221;|-18vw|||false|false&#8221; global_colors_info=&#8221;{}&#8221;][\/et_pb_image][\/et_pb_column][\/et_pb_row][et_pb_row _builder_version=&#8221;4.19.2&#8243; _module_preset=&#8221;default&#8221; background_color=&#8221;gcid-ba664267-6f92-4ac5-a88f-855d6fa318fd&#8221; max_width=&#8221;800px&#8221; custom_margin=&#8221;||||false|false&#8221; custom_margin_tablet=&#8221;||0vw||false|false&#8221; custom_margin_phone=&#8221;||0vw||false|false&#8221; custom_margin_last_edited=&#8221;off|desktop&#8221; custom_padding=&#8221;60px|60px|60px|60px|true|true&#8221; box_shadow_style=&#8221;preset4&#8243; box_shadow_horizontal=&#8221;30vw&#8221; box_shadow_vertical=&#8221;0px&#8221; box_shadow_color=&#8221;#FFFFFF&#8221; global_colors_info=&#8221;{%22gcid-ba664267-6f92-4ac5-a88f-855d6fa318fd%22:%91%22background_color%22%93}&#8221;][et_pb_column type=&#8221;4_4&#8243; _builder_version=&#8221;4.19.0&#8243; _module_preset=&#8221;default&#8221; global_colors_info=&#8221;{}&#8221;][et_pb_text _builder_version=&#8221;4.27.0&#8243; _module_preset=&#8221;32346b39-0dff-49cb-ab83-30a62e249415&#8243; header_3_text_color=&#8221;#FFFFFF&#8221; text_orientation=&#8221;center&#8221; global_colors_info=&#8221;{}&#8221;]<\/p>\n<h3>0 &#8211; 24 \u00fcgyeleti telefonsz\u00e1m<\/h3>\n<p>[\/et_pb_text][et_pb_text _builder_version=&#8221;4.27.0&#8243; _module_preset=&#8221;0e096276-3ec3-4412-bceb-5e301cbdf3e6&#8243; header_2_text_color=&#8221;#FFE35B&#8221; text_orientation=&#8221;center&#8221; locked=&#8221;off&#8221; global_colors_info=&#8221;{}&#8221;]<\/p>\n<h2><span>+3630 217 5296<\/span><\/h2>\n<p>[\/et_pb_text][\/et_pb_column][\/et_pb_row][\/et_pb_section][et_pb_section fb_built=&#8221;1&#8243; admin_label=&#8221;Services&#8221; _builder_version=&#8221;4.19.2&#8243; _module_preset=&#8221;default&#8221; saved_tabs=&#8221;all&#8221; collapsed=&#8221;on&#8221; global_colors_info=&#8221;{}&#8221;][et_pb_row _builder_version=&#8221;4.19.2&#8243; _module_preset=&#8221;default&#8221; global_colors_info=&#8221;{}&#8221;][et_pb_column type=&#8221;4_4&#8243; _builder_version=&#8221;4.19.2&#8243; _module_preset=&#8221;default&#8221; global_colors_info=&#8221;{}&#8221;][et_pb_text _builder_version=&#8221;4.27.0&#8243; _module_preset=&#8221;0e096276-3ec3-4412-bceb-5e301cbdf3e6&#8243; global_colors_info=&#8221;{}&#8221;]<\/p>\n<h2>Szolg\u00e1ltat\u00e1saink<\/h2>\n<p>[\/et_pb_text][\/et_pb_column][\/et_pb_row][et_pb_row column_structure=&#8221;1_2,1_2&#8243; custom_padding_last_edited=&#8221;on|tablet&#8221; _builder_version=&#8221;4.19.0&#8243; _module_preset=&#8221;default&#8221; custom_padding_tablet=&#8221;||0px||false|false&#8221; custom_padding_phone=&#8221;&#8221; global_colors_info=&#8221;{}&#8221;][et_pb_column type=&#8221;1_2&#8243; _builder_version=&#8221;4.19.0&#8243; _module_preset=&#8221;default&#8221; global_colors_info=&#8221;{}&#8221;][et_pb_blurb title=&#8221;WC, mosd\u00f3kagyl\u00f3, piszo\u00e1r&#8221; image=&#8221;https:\/\/site1.devsites.lnxc.hu\/wp-content\/uploads\/2024\/08\/plumbing-icon-12-1.png&#8221; _builder_version=&#8221;4.27.0&#8243; _module_preset=&#8221;08a238ff-5487-4ecc-868f-5181ace09f8a&#8221; locked=&#8221;off&#8221; global_colors_info=&#8221;{}&#8221;][\/et_pb_blurb][\/et_pb_column][et_pb_column type=&#8221;1_2&#8243; _builder_version=&#8221;4.19.0&#8243; _module_preset=&#8221;default&#8221; global_colors_info=&#8221;{}&#8221;][et_pb_blurb title=&#8221;Cs\u0151t\u00f6r\u00e9s elh\u00e1r\u00edt\u00e1sa&#8221; image=&#8221;https:\/\/site1.devsites.lnxc.hu\/wp-content\/uploads\/2024\/08\/plumbing-icon-11-1.png&#8221; _builder_version=&#8221;4.27.0&#8243; _module_preset=&#8221;08a238ff-5487-4ecc-868f-5181ace09f8a&#8221; locked=&#8221;off&#8221; global_colors_info=&#8221;{}&#8221;][\/et_pb_blurb][\/et_pb_column][\/et_pb_row][et_pb_row column_structure=&#8221;1_2,1_2&#8243; custom_padding_last_edited=&#8221;on|tablet&#8221; _builder_version=&#8221;4.19.0&#8243; _module_preset=&#8221;default&#8221; custom_padding_tablet=&#8221;||0px||false|false&#8221; custom_padding_phone=&#8221;&#8221; global_colors_info=&#8221;{}&#8221;][et_pb_column type=&#8221;1_2&#8243; _builder_version=&#8221;4.19.0&#8243; _module_preset=&#8221;default&#8221; global_colors_info=&#8221;{}&#8221;][et_pb_blurb title=&#8221;V\u00edzvezet\u00e9k szerel\u00e9s, ki\u00e9p\u00edt\u00e9s&#8221; image=&#8221;https:\/\/site1.devsites.lnxc.hu\/wp-content\/uploads\/2024\/08\/plumbing-icon-3-1.png&#8221; _builder_version=&#8221;4.27.0&#8243; _module_preset=&#8221;08a238ff-5487-4ecc-868f-5181ace09f8a&#8221; locked=&#8221;off&#8221; global_colors_info=&#8221;{}&#8221;][\/et_pb_blurb][\/et_pb_column][et_pb_column type=&#8221;1_2&#8243; _builder_version=&#8221;4.19.0&#8243; _module_preset=&#8221;default&#8221; global_colors_info=&#8221;{}&#8221;][et_pb_blurb title=&#8221;Szennyv\u00edz akna \u00e9s szivatty\u00fa tiszt\u00edt\u00e1s&#8221; image=&#8221;https:\/\/site1.devsites.lnxc.hu\/wp-content\/uploads\/2024\/08\/plumbing-icon-1-1.png&#8221; _builder_version=&#8221;4.27.0&#8243; _module_preset=&#8221;08a238ff-5487-4ecc-868f-5181ace09f8a&#8221; locked=&#8221;off&#8221; global_colors_info=&#8221;{}&#8221;][\/et_pb_blurb][\/et_pb_column][\/et_pb_row][et_pb_row column_structure=&#8221;1_2,1_2&#8243; _builder_version=&#8221;4.19.0&#8243; _module_preset=&#8221;default&#8221; global_colors_info=&#8221;{}&#8221;][et_pb_column type=&#8221;1_2&#8243; _builder_version=&#8221;4.19.0&#8243; _module_preset=&#8221;default&#8221; global_colors_info=&#8221;{}&#8221;][et_pb_blurb title=&#8221;Cs\u0151 tiszt\u00edt\u00e1s, cs\u0151kamer\u00e1z\u00e1s&#8221; image=&#8221;https:\/\/site1.devsites.lnxc.hu\/wp-content\/uploads\/2024\/08\/plumbing-icon-2-1.png&#8221; _builder_version=&#8221;4.27.0&#8243; _module_preset=&#8221;08a238ff-5487-4ecc-868f-5181ace09f8a&#8221; locked=&#8221;off&#8221; global_colors_info=&#8221;{}&#8221;][\/et_pb_blurb][\/et_pb_column][et_pb_column type=&#8221;1_2&#8243; _builder_version=&#8221;4.19.0&#8243; _module_preset=&#8221;default&#8221; global_colors_info=&#8221;{}&#8221;][et_pb_blurb title=&#8221;K\u00e1dak, hidromassz\u00e1zs k\u00e1dak dugul\u00e1selh\u00e1r\u00edt\u00e1sa&#8221; image=&#8221;https:\/\/site1.devsites.lnxc.hu\/wp-content\/uploads\/2024\/08\/plumbing-icon-10-1.png&#8221; _builder_version=&#8221;4.27.0&#8243; _module_preset=&#8221;08a238ff-5487-4ecc-868f-5181ace09f8a&#8221; locked=&#8221;off&#8221; global_colors_info=&#8221;{}&#8221;][\/et_pb_blurb][\/et_pb_column][\/et_pb_row][\/et_pb_section][et_pb_section fb_built=&#8221;1&#8243; admin_label=&#8221;About&#8221; _builder_version=&#8221;4.19.0&#8243; _module_preset=&#8221;default&#8221; collapsed=&#8221;on&#8221; global_colors_info=&#8221;{}&#8221;][et_pb_row column_structure=&#8221;1_3,2_3&#8243; use_custom_gutter=&#8221;on&#8221; gutter_width=&#8221;2&#8243; _builder_version=&#8221;4.19.0&#8243; _module_preset=&#8221;default&#8221; width=&#8221;100%&#8221; max_width=&#8221;none&#8221; global_colors_info=&#8221;{}&#8221;][et_pb_column type=&#8221;1_3&#8243; _builder_version=&#8221;4.19.0&#8243; _module_preset=&#8221;default&#8221; global_colors_info=&#8221;{}&#8221;][et_pb_image src=&#8221;https:\/\/site1.devsites.lnxc.hu\/wp-content\/uploads\/2024\/08\/plumber-4e.jpg&#8221; title_text=&#8221;plumber-4e&#8221; _builder_version=&#8221;4.19.0&#8243; _module_preset=&#8221;default&#8221; max_width_tablet=&#8221;700px&#8221; max_width_phone=&#8221;700px&#8221; max_width_last_edited=&#8221;on|tablet&#8221; module_alignment=&#8221;left&#8221; module_alignment_tablet=&#8221;center&#8221; module_alignment_phone=&#8221;center&#8221; module_alignment_last_edited=&#8221;on|tablet&#8221; global_colors_info=&#8221;{}&#8221;][\/et_pb_image][\/et_pb_column][et_pb_column type=&#8221;2_3&#8243; _builder_version=&#8221;4.19.0&#8243; _module_preset=&#8221;default&#8221; global_colors_info=&#8221;{}&#8221;][et_pb_image src=&#8221;https:\/\/site1.devsites.lnxc.hu\/wp-content\/uploads\/2024\/08\/plumber-5.jpg&#8221; title_text=&#8221;plumber-5&#8243; _builder_version=&#8221;4.19.0&#8243; _module_preset=&#8221;default&#8221; max_width_tablet=&#8221;700px&#8221; max_width_phone=&#8221;700px&#8221; max_width_last_edited=&#8221;on|tablet&#8221; module_alignment_tablet=&#8221;center&#8221; module_alignment_phone=&#8221;center&#8221; module_alignment_last_edited=&#8221;on|tablet&#8221; global_colors_info=&#8221;{}&#8221;][\/et_pb_image][\/et_pb_column][\/et_pb_row][et_pb_row column_structure=&#8221;1_2,1_2&#8243; _builder_version=&#8221;4.19.0&#8243; _module_preset=&#8221;default&#8221; global_colors_info=&#8221;{}&#8221;][et_pb_column type=&#8221;1_2&#8243; _builder_version=&#8221;4.19.0&#8243; _module_preset=&#8221;default&#8221; global_colors_info=&#8221;{}&#8221;][et_pb_text _builder_version=&#8221;4.27.0&#8243; _module_preset=&#8221;0e096276-3ec3-4412-bceb-5e301cbdf3e6&#8243; global_colors_info=&#8221;{}&#8221;]<\/p>\n<h2>H\u00edvjon minket m\u00e9g ma!<\/h2>\n<p>[\/et_pb_text][\/et_pb_column][et_pb_column type=&#8221;1_2&#8243; _builder_version=&#8221;4.19.0&#8243; _module_preset=&#8221;default&#8221; global_colors_info=&#8221;{}&#8221;][et_pb_text _builder_version=&#8221;4.27.0&#8243; _module_preset=&#8221;6503204a-7333-4bdf-978b-091dad72deb4&#8243; global_colors_info=&#8221;{}&#8221;]<\/p>\n<p>Nincsenek rejtett k\u00f6lts\u00e9gek, minden az el\u0151zetes \u00e1raj\u00e1nlat szerint t\u00f6rt\u00e9nik. Munk\u00e1nkra garanci\u00e1t v\u00e1llalunk. \u00c1raink a legkedvez\u0151bbek.\u00a0<\/p>\n<p>[\/et_pb_text][et_pb_button button_text=&#8221;\u00c1raj\u00e1nlat&#8221; _builder_version=&#8221;4.27.0&#8243; _module_preset=&#8221;f2d46511-7381-487c-8293-bd1a9fffed4a&#8221; hover_enabled=&#8221;0&#8243; global_colors_info=&#8221;{}&#8221; button_url=&#8221;@ET-DC@eyJkeW5hbWljIjp0cnVlLCJjb250ZW50IjoicG9zdF9saW5rX3VybF9wYWdlIiwic2V0dGluZ3MiOnsicG9zdF9pZCI6IjM2In19@&#8221; _dynamic_attributes=&#8221;button_url&#8221; sticky_enabled=&#8221;0&#8243;][\/et_pb_button][\/et_pb_column][\/et_pb_row][\/et_pb_section][et_pb_section fb_built=&#8221;1&#8243; admin_label=&#8221;Call to Action&#8221; _builder_version=&#8221;4.19.0&#8243; _module_preset=&#8221;default&#8221; collapsed=&#8221;on&#8221; global_colors_info=&#8221;{}&#8221;][et_pb_row column_structure=&#8221;1_2,1_2&#8243; use_custom_gutter=&#8221;on&#8221; gutter_width=&#8221;1&#8243; make_equal=&#8221;on&#8221; _builder_version=&#8221;4.19.2&#8243; _module_preset=&#8221;default&#8221; custom_margin=&#8221;||||false|false&#8221; custom_margin_tablet=&#8221;||||false|false&#8221; custom_margin_phone=&#8221;||||false|false&#8221; custom_margin_last_edited=&#8221;off|desktop&#8221; global_colors_info=&#8221;{}&#8221;][et_pb_column type=&#8221;1_2&#8243; _builder_version=&#8221;4.19.2&#8243; _module_preset=&#8221;default&#8221; z_index=&#8221;10&#8243; custom_padding=&#8221;8%||8%||true|false&#8221; custom_padding_tablet=&#8221;|8%|8%|8%|false|true&#8221; custom_padding_phone=&#8221;|8%|8%|8%|false|true&#8221; custom_padding_last_edited=&#8221;off|desktop&#8221; global_colors_info=&#8221;{}&#8221;][et_pb_text _builder_version=&#8221;4.27.0&#8243; _module_preset=&#8221;3ed74729-ef5a-464c-ab00-2c4501fdc604&#8243; header_2_text_color=&#8221;gcid-ba664267-6f92-4ac5-a88f-855d6fa318fd&#8221; header_2_font_size=&#8221;120px&#8221; custom_margin=&#8221;|-65%|30px||false|false&#8221; custom_margin_tablet=&#8221;|0%|||false|false&#8221; custom_margin_phone=&#8221;|0%|||false|false&#8221; custom_margin_last_edited=&#8221;on|desktop&#8221; global_colors_info=&#8221;{%22gcid-ba664267-6f92-4ac5-a88f-855d6fa318fd%22:%91%22header_2_text_color%22%93}&#8221;]<\/p>\n<h2>24\/7 S\u00fcrg\u0151ss\u00e9gi szerviz<\/h2>\n<p>[\/et_pb_text][et_pb_text _builder_version=&#8221;4.27.0&#8243; _module_preset=&#8221;6503204a-7333-4bdf-978b-091dad72deb4&#8243; max_width=&#8221;320px&#8221; custom_margin=&#8221;||30px||false|false&#8221; global_colors_info=&#8221;{}&#8221;]<\/p>\n<p>\u00c9jjel nappal h\u00edvhat\u00f3ak vagyunk a h\u00e9t minden napj\u00e1n. Munkasz\u00fcneti \u00e9s \u00fcnnepnapokon is \u00e1llunk rendelkez\u00e9s\u00e9re!<\/p>\n<h2><span style=\"color: #ff0000;\"><strong>+3630 217 5296<\/strong><\/span><\/h2>\n<p>[\/et_pb_text][\/et_pb_column][et_pb_column type=&#8221;1_2&#8243; _builder_version=&#8221;4.19.2&#8243; _module_preset=&#8221;default&#8221; global_colors_info=&#8221;{}&#8221;][et_pb_image src=&#8221;https:\/\/site1.devsites.lnxc.hu\/wp-content\/uploads\/2024\/08\/plumber-7.jpg&#8221; title_text=&#8221;plumber-7&#8243; _builder_version=&#8221;4.19.2&#8243; _module_preset=&#8221;default&#8221; positioning=&#8221;absolute&#8221; custom_margin=&#8221;|-10vw|||false|false&#8221; locked=&#8221;off&#8221; global_colors_info=&#8221;{}&#8221;][\/et_pb_image][\/et_pb_column][\/et_pb_row][et_pb_row column_structure=&#8221;1_4,1_4,1_2&#8243; use_custom_gutter=&#8221;on&#8221; gutter_width=&#8221;1&#8243; _builder_version=&#8221;4.19.2&#8243; _module_preset=&#8221;default&#8221; max_width=&#8221;1800px&#8221; locked=&#8221;off&#8221; global_colors_info=&#8221;{}&#8221;][et_pb_column type=&#8221;1_4&#8243; _builder_version=&#8221;4.19.2&#8243; _module_preset=&#8221;default&#8221; background_color=&#8221;gcid-ba664267-6f92-4ac5-a88f-855d6fa318fd&#8221; custom_padding=&#8221;80px|60px|80px|60px|true|true&#8221; global_colors_info=&#8221;{%22gcid-ba664267-6f92-4ac5-a88f-855d6fa318fd%22:%91%22background_color%22%93}&#8221;][et_pb_text _builder_version=&#8221;4.27.0&#8243; _module_preset=&#8221;6503204a-7333-4bdf-978b-091dad72deb4&#8243; text_text_color=&#8221;#FFFFFF&#8221; locked=&#8221;off&#8221; global_colors_info=&#8221;{}&#8221;]<\/p>\n<p>\u00c1llunk rendelkez\u00e9s\u00e9re Pest megye teljes ter\u00fclet\u00e9n!<\/p>\n<p>[\/et_pb_text][\/et_pb_column][et_pb_column type=&#8221;1_4&#8243; _builder_version=&#8221;4.19.2&#8243; _module_preset=&#8221;default&#8221; global_colors_info=&#8221;{}&#8221;][et_pb_image src=&#8221;https:\/\/site1.devsites.lnxc.hu\/wp-content\/uploads\/2024\/08\/plumber-6.jpg&#8221; title_text=&#8221;plumber-6&#8243; _builder_version=&#8221;4.19.2&#8243; _module_preset=&#8221;default&#8221; custom_margin=&#8221;30%||||false|false&#8221; locked=&#8221;off&#8221; global_colors_info=&#8221;{}&#8221;][\/et_pb_image][\/et_pb_column][et_pb_column type=&#8221;1_2&#8243; _builder_version=&#8221;4.19.2&#8243; _module_preset=&#8221;default&#8221; global_colors_info=&#8221;{}&#8221;][\/et_pb_column][\/et_pb_row][\/et_pb_section][et_pb_section fb_built=&#8221;1&#8243; custom_padding_last_edited=&#8221;on|desktop&#8221; admin_label=&#8221;Footer CTA&#8221; _builder_version=&#8221;4.19.0&#8243; _module_preset=&#8221;default&#8221; use_background_color_gradient=&#8221;on&#8221; background_color_gradient_direction=&#8221;90deg&#8221; background_color_gradient_stops=&#8221;rgba(255,255,255,0) 50%|gcid-c61d595c-65d1-455d-b447-e1edcceee1e9 50%&#8221; background_color_gradient_overlays_image=&#8221;on&#8221; background_image=&#8221;https:\/\/site1.devsites.lnxc.hu\/wp-content\/uploads\/2024\/08\/plumber-22b.jpg&#8221; background_position=&#8221;bottom_center&#8221; custom_padding=&#8221;0px||120px||false|false&#8221; custom_padding_tablet=&#8221;||0px||false|false&#8221; custom_padding_phone=&#8221;||||false|false&#8221; saved_tabs=&#8221;all&#8221; collapsed=&#8221;on&#8221; global_colors_info=&#8221;{%22gcid-c61d595c-65d1-455d-b447-e1edcceee1e9%22:%91%22background_color_gradient_stops%22,%22background_color_gradient_stops%22%93}&#8221;][et_pb_row column_structure=&#8221;1_2,1_2&#8243; use_custom_gutter=&#8221;on&#8221; gutter_width=&#8221;1&#8243; make_equal=&#8221;on&#8221; _builder_version=&#8221;4.19.2&#8243; _module_preset=&#8221;default&#8221; custom_padding=&#8221;0px||0px||true|false&#8221; box_shadow_style=&#8221;preset4&#8243; box_shadow_horizontal=&#8221;30vw&#8221; box_shadow_vertical=&#8221;0px&#8221; box_shadow_color=&#8221;gcid-3a379ca8-6bf9-434c-8a61-08511851f29f&#8221; global_colors_info=&#8221;{%22gcid-3a379ca8-6bf9-434c-8a61-08511851f29f%22:%91%22box_shadow_color%22%93}&#8221;][et_pb_column type=&#8221;1_2&#8243; _builder_version=&#8221;4.19.2&#8243; _module_preset=&#8221;default&#8221; background_color=&#8221;gcid-ba664267-6f92-4ac5-a88f-855d6fa318fd&#8221; custom_padding=&#8221;40px|20px|40px|20px|true|true&#8221; custom_padding_tablet=&#8221;30px|30px|30px|30px|true|true&#8221; custom_padding_phone=&#8221;20px|20px|20px|20px|true|true&#8221; custom_padding_last_edited=&#8221;off|desktop&#8221; global_colors_info=&#8221;{%22gcid-ba664267-6f92-4ac5-a88f-855d6fa318fd%22:%91%22background_color%22%93}&#8221;][et_pb_text _builder_version=&#8221;4.27.0&#8243; _module_preset=&#8221;77524989-f74d-4172-ab6f-574ff40afd99&#8243; header_4_text_color=&#8221;#FFFFFF&#8221; custom_margin=&#8221;||||false|false&#8221; global_colors_info=&#8221;{}&#8221;]<\/p>\n<h4>0 &#8211; 24 szerviz vonal<\/h4>\n<p>[\/et_pb_text][et_pb_text _builder_version=&#8221;4.27.0&#8243; _module_preset=&#8221;32346b39-0dff-49cb-ab83-30a62e249415&#8243; header_3_text_color=&#8221;#FFFFFF&#8221; header_3_font_size=&#8221;40px&#8221; locked=&#8221;off&#8221; global_colors_info=&#8221;{}&#8221;]<\/p>\n<h1><span style=\"color: #ffff00;\">+3630 217 5296<\/span><\/h1>\n<p>[\/et_pb_text][\/et_pb_column][et_pb_column type=&#8221;1_2&#8243; _builder_version=&#8221;4.19.0&#8243; _module_preset=&#8221;default&#8221; background_color=&#8221;gcid-3a379ca8-6bf9-434c-8a61-08511851f29f&#8221; custom_padding=&#8221;40px|40px|40px|40px|true|true&#8221; custom_padding_tablet=&#8221;30px|30px|30px|30px|true|true&#8221; custom_padding_phone=&#8221;20px|20px|20px|20px|true|true&#8221; custom_padding_last_edited=&#8221;on|tablet&#8221; global_colors_info=&#8221;{%22gcid-ba664267-6f92-4ac5-a88f-855d6fa318fd%22:%91%22background_color%22%93,%22gcid-3a379ca8-6bf9-434c-8a61-08511851f29f%22:%91%22background_color%22%93}&#8221;][\/et_pb_column][\/et_pb_row][\/et_pb_section][et_pb_section fb_built=&#8221;1&#8243; admin_label=&#8221;Footer Links&#8221; _builder_version=&#8221;4.19.0&#8243; _module_preset=&#8221;default&#8221; background_color=&#8221;gcid-c61d595c-65d1-455d-b447-e1edcceee1e9&#8243; saved_tabs=&#8221;all&#8221; collapsed=&#8221;on&#8221; global_colors_info=&#8221;{%22gcid-c61d595c-65d1-455d-b447-e1edcceee1e9%22:%91%22background_color%22%93}&#8221;][et_pb_row _builder_version=&#8221;4.27.0&#8243; _module_preset=&#8221;default&#8221; module_alignment=&#8221;center&#8221; global_colors_info=&#8221;{}&#8221;][et_pb_column type=&#8221;4_4&#8243; _builder_version=&#8221;4.19.0&#8243; _module_preset=&#8221;default&#8221; global_colors_info=&#8221;{}&#8221;][et_pb_text _builder_version=&#8221;4.27.0&#8243; _module_preset=&#8221;32346b39-0dff-49cb-ab83-30a62e249415&#8243; header_3_text_color=&#8221;#FFFFFF&#8221; global_colors_info=&#8221;{}&#8221;]<\/p>\n<h3>Dugul\u00e1selh\u00e1r\u00edt\u00e1s<\/h3>\n<p>[\/et_pb_text][et_pb_text _builder_version=&#8221;4.27.0&#8243; _module_preset=&#8221;77524989-f74d-4172-ab6f-574ff40afd99&#8243; header_4_text_color=&#8221;rgba(255,255,255,0.7)&#8221; custom_margin=&#8221;||10px||false|false&#8221; global_colors_info=&#8221;{}&#8221;]<\/p>\n<h4>Kapcsolat<\/h4>\n<p>[\/et_pb_text][et_pb_text _builder_version=&#8221;4.27.0&#8243; _module_preset=&#8221;6503204a-7333-4bdf-978b-091dad72deb4&#8243; text_text_color=&#8221;rgba(255,255,255,0.5)&#8221; custom_margin=&#8221;||10px||false|false&#8221; global_colors_info=&#8221;{}&#8221;]<\/p>\n<p><span>2030, \u00c9rd<\/span><\/p>\n<p><span> Szap\u00e1ry utca 3\/b<\/span><\/p>\n<p>[\/et_pb_text][et_pb_text _builder_version=&#8221;4.27.0&#8243; _module_preset=&#8221;6503204a-7333-4bdf-978b-091dad72deb4&#8243; text_text_color=&#8221;rgba(255,255,255,0.5)&#8221; custom_margin=&#8221;||10px||false|false&#8221; global_colors_info=&#8221;{}&#8221;]<\/p>\n<p>+3630 217 5296<\/p>\n<p>[\/et_pb_text][et_pb_text _builder_version=&#8221;4.27.0&#8243; _module_preset=&#8221;6503204a-7333-4bdf-978b-091dad72deb4&#8243; text_text_color=&#8221;rgba(255,255,255,0.5)&#8221; link_text_color=&#8221;rgba(255,255,255,0.5)&#8221; custom_margin=&#8221;||10px||false|false&#8221; global_colors_info=&#8221;{}&#8221;]<\/p>\n<p><span>MEZ\u0150-A -HALOM KFT\u00a0<\/span><\/p>\n<p>[\/et_pb_text][\/et_pb_column][\/et_pb_row][\/et_pb_section]<\/p>\n","protected":false},"excerpt":{"rendered":"<p>Dugul\u00e1selh\u00e1r\u00edt\u00e1s 0 &#8211; 24\u00c9jjel &#8211; nappal az \u00d6n szolg\u00e1lat\u00e1ban! Budapest, Sz\u00e1zhalombatta, \u00c9rd, T\u00e1rnok, Martonv\u00e1s\u00e1r, Ercsi, R\u00e1czkereszt\u00far H\u00edvjon, vagy k\u00e9rjen aj\u00e1nlatot!0 &#8211; 24 \u00fcgyeleti telefonsz\u00e1m+3630 217 5296Szolg\u00e1ltat\u00e1sainkH\u00edvjon minket m\u00e9g ma!Nincsenek rejtett k\u00f6lts\u00e9gek, minden az el\u0151zetes \u00e1raj\u00e1nlat szerint t\u00f6rt\u00e9nik. Munk\u00e1nkra garanci\u00e1t v\u00e1llalunk. \u00c1raink a legkedvez\u0151bbek.\u00a024\/7 S\u00fcrg\u0151ss\u00e9gi szerviz\u00c9jjel nappal h\u00edvhat\u00f3ak vagyunk a h\u00e9t minden napj\u00e1n. Munkasz\u00fcneti \u00e9s \u00fcnnepnapokon [&hellip;]<\/p>\n","protected":false},"author":1,"featured_media":0,"parent":0,"menu_order":0,"comment_status":"closed","ping_status":"closed","template":"","meta":{"_et_pb_use_builder":"on","_et_pb_old_content":"","_et_gb_content_width":"","footnotes":""},"class_list":["post-12","page","type-page","status-publish","hentry"],"_links":{"self":[{"href":"https:\/\/site1.devsites.lnxc.hu\/index.php\/wp-json\/wp\/v2\/pages\/12","targetHints":{"allow":["GET"]}}],"collection":[{"href":"https:\/\/site1.devsites.lnxc.hu\/index.php\/wp-json\/wp\/v2\/pages"}],"about":[{"href":"https:\/\/site1.devsites.lnxc.hu\/index.php\/wp-json\/wp\/v2\/types\/page"}],"author":[{"embeddable":true,"href":"https:\/\/site1.devsites.lnxc.hu\/index.php\/wp-json\/wp\/v2\/users\/1"}],"replies":[{"embeddable":true,"href":"https:\/\/site1.devsites.lnxc.hu\/index.php\/wp-json\/wp\/v2\/comments?post=12"}],"version-history":[{"count":5,"href":"https:\/\/site1.devsites.lnxc.hu\/index.php\/wp-json\/wp\/v2\/pages\/12\/revisions"}],"predecessor-version":[{"id":43,"href":"https:\/\/site1.devsites.lnxc.hu\/index.php\/wp-json\/wp\/v2\/pages\/12\/revisions\/43"}],"wp:attachment":[{"href":"https:\/\/site1.devsites.lnxc.hu\/index.php\/wp-json\/wp\/v2\/media?parent=12"}],"curies":[{"name":"wp","href":"https:\/\/api.w.org\/{rel}","templated":true}]}}